{"id":115,"date":"2018-10-22T14:09:00","date_gmt":"2018-10-22T14:09:00","guid":{"rendered":"http:\/\/test.wia-gmbh.de\/?page_id=115"},"modified":"2024-11-05T14:28:33","modified_gmt":"2024-11-05T14:28:33","slug":"unternehmen-2","status":"publish","type":"page","link":"https:\/\/wia-gmbh.de\/?page_id=115","title":{"rendered":"WIA Industrial Automation &#8211; Unternehmen"},"content":{"rendered":"<h3 class=\"section-title\">Alles aus eine Hand<\/h3>\n<div class=\"wp-block-spacer\" style=\"height: 25px;\" aria-hidden=\"true\"><\/div>\n<p>Besonders spezialisiert auf die Kernbereiche Automatisierung, Prozesstechnik, Materialfluss und F\u00f6rdertechnik bietet die WIA Industrial Automation ihren Kunden hocheffiziente und kostensparende L\u00f6sungen.<\/p>\n<p>Von der Beratung und Planung bis hin zur schl\u00fcsselfertigen Projektabwicklung erhalten unsere Kunden bei der WIA alles aus einer Hand.<\/p>\n<div class=\"wp-block-spacer\" style=\"height: 25px;\" aria-hidden=\"true\"><\/div>\n<div class=\"wp-block-image\">\n<figure class=\"aligncenter\"><img loading=\"lazy\" decoding=\"async\" class=\"alignnone wp-image-132 size-full\" src=\"https:\/\/wia-gmbh.de\/wp-content\/uploads\/2018\/10\/Worker.jpg\" alt=\"\" width=\"768\" height=\"512\" srcset=\"https:\/\/wia-gmbh.de\/wp-content\/uploads\/2018\/10\/Worker.jpg 768w, https:\/\/wia-gmbh.de\/wp-content\/uploads\/2018\/10\/Worker-300x200.jpg 300w\" sizes=\"auto, (max-width: 768px) 100vw, 768px\" \/><\/figure>\n<\/div>\n<div class=\"wp-block-spacer\" style=\"height: 50px;\" aria-hidden=\"true\"><\/div>\n<h3 class=\"section-title\">Netzwerkverbund mit kompetenten Partnern<\/h3>\n<div class=\"wp-block-spacer\" style=\"height: 25px;\" aria-hidden=\"true\"><\/div>\n<p>Um den wachsenden Herausforderungen und den zunehmend komplexer werdenden Zusammenh\u00e4ngen der heutigen M\u00e4rkte gerecht zu werden, bietet die WIA im Verbund mit einem Netzwerk von kompetenten und zuverl\u00e4ssigen Partnern ein umfassendes Spektrum von Lieferungen und Leistungen auf h\u00f6chstem technischen Niveau.<\/p>\n<p>Dieses spezielle Partnernetzwerk erm\u00f6glicht eine schnelle Reaktion auf die Ver\u00e4nderungen der M\u00e4rkte und der technischen Entwicklung und garantiert so ein Maximum an Qualit\u00e4t bei optimaler Kosten-Nutzen-Relation.<\/p>\n<div class=\"wp-block-spacer\" style=\"height: 25px;\" aria-hidden=\"true\"><\/div>\n<div class=\"wp-block-image\">\n<figure class=\"aligncenter\"><img loading=\"lazy\" decoding=\"async\" class=\"alignnone wp-image-130 size-full\" src=\"https:\/\/wia-gmbh.de\/wp-content\/uploads\/2018\/10\/Warte.jpg\" alt=\"\" width=\"768\" height=\"402\" srcset=\"https:\/\/wia-gmbh.de\/wp-content\/uploads\/2018\/10\/Warte.jpg 768w, https:\/\/wia-gmbh.de\/wp-content\/uploads\/2018\/10\/Warte-300x157.jpg 300w\" sizes=\"auto, (max-width: 768px) 100vw, 768px\" \/><\/figure>\n<\/div>\n<div class=\"wp-block-spacer\" style=\"height: 50px;\" aria-hidden=\"true\"><\/div>\n<h3 class=\"section-title\">Der Erfolg unserer Kunden ist unsere Benchmark<\/h3>\n<div class=\"wp-block-spacer\" style=\"height: 25px;\" aria-hidden=\"true\"><\/div>\n<p>Unser Leitmotiv ist es, maximale Effizienz und Flexibilit\u00e4t f\u00fcr unsere Kunden zu erreichen.<br \/>\nAuf der Grundlage eines optimalen Kosten-\/Nutzenfaktors sorgen wir f\u00fcr ein H\u00f6chstma\u00df an Wirtschaftlichkeit. Der Erfolg unserer Kunden ist unsere Benchmark.<\/p>\n<div class=\"wp-block-spacer\" style=\"height: 25px;\" aria-hidden=\"true\"><\/div>\n<div class=\"project-more-btn\"><a class=\"project-btn\" href=\"https:\/\/wia-gmbh.de\">Home<\/a><\/div>\n","protected":false},"excerpt":{"rendered":"<p>Alles aus eine Hand Besonders spezialisiert auf die Kernbereiche Automatisierung, Prozesstechnik, Materialfluss und F\u00f6rdertechnik bietet die WIA Industrial Automation ihren Kunden hocheffiziente und kostensparende L\u00f6sungen.<\/p>\n","protected":false},"author":1,"featured_media":0,"parent":0,"menu_order":0,"comment_status":"closed","ping_status":"closed","template":"fullwidth.php","meta":{"footnotes":""},"class_list":["post-115","page","type-page","status-publish","hentry"],"_links":{"self":[{"href":"https:\/\/wia-gmbh.de\/index.php?rest_route=\/wp\/v2\/pages\/115","targetHints":{"allow":["GET"]}}],"collection":[{"href":"https:\/\/wia-gmbh.de\/index.php?rest_route=\/wp\/v2\/pages"}],"about":[{"href":"https:\/\/wia-gmbh.de\/index.php?rest_route=\/wp\/v2\/types\/page"}],"author":[{"embeddable":true,"href":"https:\/\/wia-gmbh.de\/index.php?rest_route=\/wp\/v2\/users\/1"}],"replies":[{"embeddable":true,"href":"https:\/\/wia-gmbh.de\/index.php?rest_route=%2Fwp%2Fv2%2Fcomments&post=115"}],"version-history":[{"count":18,"href":"https:\/\/wia-gmbh.de\/index.php?rest_route=\/wp\/v2\/pages\/115\/revisions"}],"predecessor-version":[{"id":781,"href":"https:\/\/wia-gmbh.de\/index.php?rest_route=\/wp\/v2\/pages\/115\/revisions\/781"}],"wp:attachment":[{"href":"https:\/\/wia-gmbh.de\/index.php?rest_route=%2Fwp%2Fv2%2Fmedia&parent=115"}],"curies":[{"name":"wp","href":"https:\/\/api.w.org\/{rel}","templated":true}]}}