{"id":472,"date":"2018-10-26T08:16:04","date_gmt":"2018-10-26T08:16:04","guid":{"rendered":"http:\/\/test.wia-gmbh.de\/?page_id=472"},"modified":"2024-11-05T14:28:07","modified_gmt":"2024-11-05T14:28:07","slug":"wiabor_de","status":"publish","type":"page","link":"https:\/\/wia-gmbh.de\/?page_id=472","title":{"rendered":"Wiabor_de"},"content":{"rendered":"<p><img loading=\"lazy\" decoding=\"async\" class=\"alignnone size-full wp-image-56\" src=\"https:\/\/wia-gmbh.de\/wp-content\/uploads\/2018\/10\/WIABOR_Title.jpg\" alt=\"WIABOR\" width=\"1140\" height=\"432\" srcset=\"https:\/\/wia-gmbh.de\/wp-content\/uploads\/2018\/10\/WIABOR_Title.jpg 1140w, https:\/\/wia-gmbh.de\/wp-content\/uploads\/2018\/10\/WIABOR_Title-300x114.jpg 300w, https:\/\/wia-gmbh.de\/wp-content\/uploads\/2018\/10\/WIABOR_Title-768x291.jpg 768w, https:\/\/wia-gmbh.de\/wp-content\/uploads\/2018\/10\/WIABOR_Title-1024x388.jpg 1024w\" sizes=\"auto, (max-width: 1140px) 100vw, 1140px\" \/><\/p>\n<table class=\"unsivisibleTable\">\n<tbody>\n<tr>\n<td class=\"unvisibleCell\" align=\"center\">\n<figure class=\"wp-block-image\"><a href=\"https:\/\/wia-gmbh.de\/wp-content\/uploads\/2018\/10\/wia-wiabor-mail.pdf\" target=\"_blank\" rel=\"noopener\"><br \/>\n<img decoding=\"async\" class=\"wp-image-851\" src=\"https:\/\/wia-gmbh.de\/wp-content\/uploads\/2018\/10\/wiabor-prospekt_thumbnail.png\" alt=\"Prospekt WIABOR 01\" \/><br \/>\n<\/a><figcaption style=\"text-align: Center;\">Download Prospekt<\/figcaption><\/figure>\n<\/td>\n<\/tr>\n<\/tbody>\n<\/table>\n<h2 class=\"section-title2\">Das WIABOR 01 ist ein in sich geschlossenes Kompaktsystem zur Behandlung von Aluminium-Strangpressenprofilproben<\/h2>\n<div class=\"textBox\">Das innovative Konzept einer vollkommen geschlossenen Anlage bietet im Ergebnis grundlegende Verbesserungen in den Bereichen:<\/p>\n<ul>\n<li>Effizienzoptimierung<\/li>\n<li>Arbeitssicherheit<\/li>\n<li>Umweltschutz<\/li>\n<li>\u00dcbersichtlichkeit<\/li>\n<li>Bedienfreundlichkeit<\/li>\n<\/ul>\n<\/div>\n<h2 class=\"section-title2\">Erhebliche Vorteile und modular ausbaubar<\/h2>\n<div class=\"textBox\">Im Gegensatz zu herk\u00f6mmlichen Behandlungsanlagen f\u00fcr Profilproben handelt es sich beim WIABOR 01 um ein modular ausbaubares System, das dem Betreiber in vielerlei Hinsicht erhebliche Vorteile bietet:<\/p>\n<ul>\n<li>\u00dcberpr\u00fcfen der Pressqualit\u00e4t direkt nach dem Anpressen aufgrund kleiner Chargen.<\/li>\n<li>Dadurch sehr kurze Reaktionszeit und entsprechende signifikante Reduzierung von Schrottanteilen.<\/li>\n<li>Anlieferung einer betriebsbereiten, gepr\u00fcften Funktionseinheit.<\/li>\n<li>Kurze Inbetriebnahmezeiten.<\/li>\n<\/ul>\n<\/div>\n<div class=\"project-more-btn\"><a class=\"project-btn\" href=\"https:\/\/wia-gmbh.de\/?page_id=185\">Alle Produkte<\/a><\/div>\n","protected":false},"excerpt":{"rendered":"<p>Download Prospekt Das WIABOR 01 ist ein in sich geschlossenes Kompaktsystem zur Behandlung von Aluminium-Strangpressenprofilproben Das innovative Konzept einer vollkommen geschlossenen Anlage bietet im Ergebnis<\/p>\n","protected":false},"author":1,"featured_media":0,"parent":185,"menu_order":0,"comment_status":"closed","ping_status":"closed","template":"fullwidth.php","meta":{"footnotes":""},"class_list":["post-472","page","type-page","status-publish","hentry"],"_links":{"self":[{"href":"https:\/\/wia-gmbh.de\/index.php?rest_route=\/wp\/v2\/pages\/472","targetHints":{"allow":["GET"]}}],"collection":[{"href":"https:\/\/wia-gmbh.de\/index.php?rest_route=\/wp\/v2\/pages"}],"about":[{"href":"https:\/\/wia-gmbh.de\/index.php?rest_route=\/wp\/v2\/types\/page"}],"author":[{"embeddable":true,"href":"https:\/\/wia-gmbh.de\/index.php?rest_route=\/wp\/v2\/users\/1"}],"replies":[{"embeddable":true,"href":"https:\/\/wia-gmbh.de\/index.php?rest_route=%2Fwp%2Fv2%2Fcomments&post=472"}],"version-history":[{"count":9,"href":"https:\/\/wia-gmbh.de\/index.php?rest_route=\/wp\/v2\/pages\/472\/revisions"}],"predecessor-version":[{"id":743,"href":"https:\/\/wia-gmbh.de\/index.php?rest_route=\/wp\/v2\/pages\/472\/revisions\/743"}],"up":[{"embeddable":true,"href":"https:\/\/wia-gmbh.de\/index.php?rest_route=\/wp\/v2\/pages\/185"}],"wp:attachment":[{"href":"https:\/\/wia-gmbh.de\/index.php?rest_route=%2Fwp%2Fv2%2Fmedia&parent=472"}],"curies":[{"name":"wp","href":"https:\/\/api.w.org\/{rel}","templated":true}]}}