{"id":482,"date":"2018-10-26T08:32:19","date_gmt":"2018-10-26T08:32:19","guid":{"rendered":"http:\/\/test.wia-gmbh.de\/?page_id=482"},"modified":"2024-11-05T14:28:02","modified_gmt":"2024-11-05T14:28:02","slug":"cbc-system_de","status":"publish","type":"page","link":"https:\/\/wia-gmbh.de\/?page_id=482","title":{"rendered":"CBC-System_de"},"content":{"rendered":"<p><img loading=\"lazy\" decoding=\"async\" class=\"alignnone size-full wp-image-56\" src=\"https:\/\/wia-gmbh.de\/wp-content\/uploads\/2018\/10\/CBC_Title.jpg\" alt=\"CBC-System\" width=\"1140\" height=\"432\" \/><\/p>\n<div class=\"wp-block-spacer\" style=\"height: 25px;\" aria-hidden=\"true\"><\/div>\n<table class=\"unsivisibleTable\">\n<tbody>\n<tr>\n<td class=\"unvisibleCell\" align=\"center\">\n<figure class=\"wp-block-image\"><a href=\"https:\/\/wia-gmbh.de\/wp-content\/uploads\/2018\/10\/wia-cbc-18_deutsch_mail1.pdf\" target=\"_blank\" rel=\"noopener\"><br \/>\n<img decoding=\"async\" class=\"wp-image-905\" src=\"https:\/\/wia-gmbh.de\/wp-content\/uploads\/2018\/10\/cbc-prospekt_thumbnail.png\" alt=\"CBC-System Prospekt\" \/><br \/>\n<\/a><figcaption style=\"text-align: center;\">Download Prospekt<\/figcaption><\/figure>\n<\/td>\n<\/tr>\n<\/tbody>\n<\/table>\n<div class=\"wp-block-spacer\" style=\"height: 25px;\" aria-hidden=\"true\"><\/div>\n<h2 class=\"section-title2\">Das CBC-SYSTEM ist eine kostensparende Kombination von standardisierten Qualit\u00e4tskomponenten<\/h2>\n<div class=\"textBox\">\n<p>Das von WIA entwickelte CBC-System erm\u00f6glicht auf der Grundlage eines speziellen Baukastensystems absolut kundenspezifische und gleichzeitig kostenmoderate Gesamtl\u00f6sungen auf h\u00f6chstem technischen Niveau.<\/p>\n<ul>\n<li>Durch eine wirtschaftliche Kombination von standardisierten Qualit\u00e4tskomponenten (z.B. DEMAG, ZASCHE etc.) lassen sich enorme Kosteneinsparungen bei hochspezifischen Systeml\u00f6sungen erreichen.<\/li>\n<li>Die dabei verwendeten technologisch ausgereiften und zukunftssicheren Produkte weisen bereits in der Basisversion eine breite Palette integrierter Standards auf.<\/li>\n<li>Ausgerichtet auf gr\u00f6\u00dftm\u00f6gliche Modularisierung und Standardisierung k\u00f6nnen alle verwendeten Komponenten einzeln und jederzeit problemlos ausgetauscht werden &#8211; ein wichtiger wirtschaftlicher Aspekt auch hinsichtlich sp\u00e4terer Modernisierungs- und Umr\u00fcstungsma\u00dfnahmen.<\/li>\n<\/ul>\n<div style=\"width: 600px;\" class=\"wp-video\"><!--[if lt IE 9]><script>document.createElement('video');<\/script><![endif]-->\n<video class=\"wp-video-shortcode\" id=\"video-482-1\" width=\"600\" height=\"340\" preload=\"metadata\" controls=\"controls\"><source type=\"video\/mp4\" src=\"https:\/\/wia-gmbh.de\/wp-content\/uploads\/2024\/11\/VISUalisierung-Final-Drehscheibe_sd2.mp4?_=1\" \/><a href=\"https:\/\/wia-gmbh.de\/wp-content\/uploads\/2024\/11\/VISUalisierung-Final-Drehscheibe_sd2.mp4\">https:\/\/wia-gmbh.de\/wp-content\/uploads\/2024\/11\/VISUalisierung-Final-Drehscheibe_sd2.mp4<\/a><\/video><\/div>\n<div class=\"wp-block-spacer\" style=\"height: 25px;\" aria-hidden=\"true\"><\/div>\n<div class=\"wp-block-spacer\" style=\"height: 25px;\" aria-hidden=\"true\"><\/div>\n<\/div>\n<h2 class=\"section-title2\">CBC-SYSTEM bietet Maximale Effizienz bei h\u00f6chstm\u00f6glicher Betriebssicherheit<\/h2>\n<div class=\"textBox\">\n<p>Pr\u00e4zise Positionier- und Kontrollsysteme sowie modernste Materialfluss- und Informationssysteme f\u00fcr die mengen- und zeitgerechte Ver- und Entsorgung der Schl\u00fcsselbereiche Produktion, Montage und Lager garantieren maximale Effizienz bei h\u00f6chstm\u00f6glicher Betriebssicherheit.<\/p>\n<p>Vom einfachen Werkstattkran \u00fcber den Standardkran &#8211; auch erweitert als ma\u00dfgeschneiderte L\u00f6sung &#8211; bis hin zu vollautomatischen Prozesskranen, die autark oder in Anlagen und Systemen Produktionsprozesse automatisieren oder untereinander verketten.<\/p>\n<\/div>\n<div style=\"width: 600px;\" class=\"wp-video\"><video class=\"wp-video-shortcode\" id=\"video-482-2\" width=\"600\" height=\"345\" preload=\"metadata\" controls=\"controls\"><source type=\"video\/mp4\" src=\"https:\/\/wia-gmbh.de\/wp-content\/uploads\/2024\/11\/VISUalisierung-Final-03_sd.mp4?_=2\" \/><a href=\"https:\/\/wia-gmbh.de\/wp-content\/uploads\/2024\/11\/VISUalisierung-Final-03_sd.mp4\">https:\/\/wia-gmbh.de\/wp-content\/uploads\/2024\/11\/VISUalisierung-Final-03_sd.mp4<\/a><\/video><\/div>\n<h2 class=\"section-title2\">Wesentliche Erfolgsfaktoren des CBC-Systems<\/h2>\n<div class=\"textBox\">\n<ul>\n<li>optimale Kosten-\/Nutzen-Relation<\/li>\n<li>Flexibilit\u00e4t durch den Einsatz von Standardkomponenten<\/li>\n<li>hohe Produktqualit\u00e4t<\/li>\n<li>maximale Betriebssicherheit<\/li>\n<li>verbesserte Arbeitsbedingungen<\/li>\n<li>reduzierter Wartungsaufwand durch geringen Verschlei\u00df<\/li>\n<li>ausgereifte Instandhaltungs- und Wartungskonzepte<\/li>\n<li>Verk\u00fcrzung der Lieferzeiten<\/li>\n<\/ul>\n<div class=\"wp-block-spacer\" style=\"height: 25px;\" aria-hidden=\"true\"><\/div>\n<\/div>\n<div class=\"project-more-btn\"><a class=\"project-btn\" href=\"https:\/\/wia-gmbh.de\/?page_id=185\">Alle Produkte<\/a><\/div>\n","protected":false},"excerpt":{"rendered":"<p>Download Prospekt Das CBC-SYSTEM ist eine kostensparende Kombination von standardisierten Qualit\u00e4tskomponenten Das von WIA entwickelte CBC-System erm\u00f6glicht auf der Grundlage eines speziellen Baukastensystems absolut kundenspezifische<\/p>\n","protected":false},"author":1,"featured_media":0,"parent":185,"menu_order":0,"comment_status":"closed","ping_status":"closed","template":"fullwidth.php","meta":{"footnotes":""},"class_list":["post-482","page","type-page","status-publish","hentry"],"_links":{"self":[{"href":"https:\/\/wia-gmbh.de\/index.php?rest_route=\/wp\/v2\/pages\/482","targetHints":{"allow":["GET"]}}],"collection":[{"href":"https:\/\/wia-gmbh.de\/index.php?rest_route=\/wp\/v2\/pages"}],"about":[{"href":"https:\/\/wia-gmbh.de\/index.php?rest_route=\/wp\/v2\/types\/page"}],"author":[{"embeddable":true,"href":"https:\/\/wia-gmbh.de\/index.php?rest_route=\/wp\/v2\/users\/1"}],"replies":[{"embeddable":true,"href":"https:\/\/wia-gmbh.de\/index.php?rest_route=%2Fwp%2Fv2%2Fcomments&post=482"}],"version-history":[{"count":10,"href":"https:\/\/wia-gmbh.de\/index.php?rest_route=\/wp\/v2\/pages\/482\/revisions"}],"predecessor-version":[{"id":745,"href":"https:\/\/wia-gmbh.de\/index.php?rest_route=\/wp\/v2\/pages\/482\/revisions\/745"}],"up":[{"embeddable":true,"href":"https:\/\/wia-gmbh.de\/index.php?rest_route=\/wp\/v2\/pages\/185"}],"wp:attachment":[{"href":"https:\/\/wia-gmbh.de\/index.php?rest_route=%2Fwp%2Fv2%2Fmedia&parent=482"}],"curies":[{"name":"wp","href":"https:\/\/api.w.org\/{rel}","templated":true}]}}